{"id":11060,"date":"2018-05-18T12:46:45","date_gmt":"2018-05-18T12:46:45","guid":{"rendered":"https:\/\/www.isvps.org\/p\/exams\/nurses-certificates\/"},"modified":"2024-06-17T15:55:01","modified_gmt":"2024-06-17T15:55:01","slug":"veterinary-technician-certificates","status":"publish","type":"page","link":"https:\/\/www.isvps.org\/p\/fr\/veterinary-technician-certificates\/","title":{"rendered":"Veterinary Technician Certificates"},"content":{"rendered":"<p>[et_pb_section fb_built=&#8221;1&#8243; fullwidth=&#8221;on&#8221; _builder_version=&#8221;3.22&#8243;][et_pb_fullwidth_header title=&#8221; Veterinary Technician Certificates&#8221; module_class=&#8221;esvpsheader&#8221; _builder_version=&#8221;4.6.0&#8243; background_color=&#8221;rgba(255, 255, 255, 0)&#8221; background_image=&#8221;https:\/\/www.isvps.org\/p\/wp-content\/uploads\/2018\/05\/AdobeStock_22909545.jpg&#8221; parallax=&#8221;on&#8221; parallax_method=&#8221;on&#8221; background_layout=&#8221;light&#8221; max_width_tablet=&#8221;50px&#8221; button_one_text_size__hover_enabled=&#8221;off&#8221; button_one_text_size__hover=&#8221;null&#8221; button_two_text_size__hover_enabled=&#8221;off&#8221; button_two_text_size__hover=&#8221;null&#8221; button_one_text_color__hover_enabled=&#8221;off&#8221; button_one_text_color__hover=&#8221;null&#8221; button_two_text_color__hover_enabled=&#8221;off&#8221; button_two_text_color__hover=&#8221;null&#8221; button_one_border_width__hover_enabled=&#8221;off&#8221; button_one_border_width__hover=&#8221;null&#8221; button_two_border_width__hover_enabled=&#8221;off&#8221; button_two_border_width__hover=&#8221;null&#8221; button_one_border_color__hover_enabled=&#8221;off&#8221; button_one_border_color__hover=&#8221;null&#8221; button_two_border_color__hover_enabled=&#8221;off&#8221; button_two_border_color__hover=&#8221;null&#8221; button_one_border_radius__hover_enabled=&#8221;off&#8221; button_one_border_radius__hover=&#8221;null&#8221; button_two_border_radius__hover_enabled=&#8221;off&#8221; button_two_border_radius__hover=&#8221;null&#8221; button_one_letter_spacing__hover_enabled=&#8221;off&#8221; button_one_letter_spacing__hover=&#8221;null&#8221; button_two_letter_spacing__hover_enabled=&#8221;off&#8221; button_two_letter_spacing__hover=&#8221;null&#8221; button_one_bg_color__hover_enabled=&#8221;off&#8221; button_one_bg_color__hover=&#8221;null&#8221; button_two_bg_color__hover_enabled=&#8221;off&#8221; button_two_bg_color__hover=&#8221;null&#8221;][\/et_pb_fullwidth_header][\/et_pb_section][et_pb_section fb_built=&#8221;1&#8243; _builder_version=&#8221;3.22&#8243;][et_pb_row _builder_version=&#8221;4.0.9&#8243;][et_pb_column type=&#8221;4_4&#8243; _builder_version=&#8221;4.0.9&#8243;][et_pb_code _builder_version=&#8221;4.6.0&#8243;]\n\n\n<div id=\"wpv-view-layout-5803-CATTRa4108ebf5e8c7c3066e8be5e7b4efd39\" class=\"js-wpv-view-layout js-wpv-layout-responsive js-wpv-view-layout-5803-CATTRa4108ebf5e8c7c3066e8be5e7b4efd39\" data-viewnumber=\"5803-CATTRa4108ebf5e8c7c3066e8be5e7b4efd39\" data-pagination=\"{&quot;id&quot;:5803,&quot;query&quot;:&quot;normal&quot;,&quot;type&quot;:&quot;disabled&quot;,&quot;effect&quot;:&quot;fade&quot;,&quot;duration&quot;:500,&quot;speed&quot;:5,&quot;pause_on_hover&quot;:&quot;disabled&quot;,&quot;stop_rollover&quot;:&quot;false&quot;,&quot;cache_pages&quot;:&quot;enabled&quot;,&quot;preload_images&quot;:&quot;enabled&quot;,&quot;preload_pages&quot;:&quot;enabled&quot;,&quot;preload_reach&quot;:1,&quot;spinner&quot;:&quot;builtin&quot;,&quot;spinner_image&quot;:&quot;https:\/\/www.isvps.org\/p\/wp-content\/plugins\/wp-views\/embedded\/res\/img\/ajax-loader.gif&quot;,&quot;callback_next&quot;:&quot;&quot;,&quot;manage_history&quot;:&quot;enabled&quot;,&quot;has_controls_in_form&quot;:&quot;disabled&quot;,&quot;infinite_tolerance&quot;:&quot;0&quot;,&quot;max_pages&quot;:1,&quot;page&quot;:1,&quot;base_permalink&quot;:&quot;\/p\/wp-json\/wp\/v2\/pages\/11060?wpv_view_count=5803-CATTRa4108ebf5e8c7c3066e8be5e7b4efd39&amp;wpv_paged=WPV_PAGE_NUM&quot;,&quot;loop&quot;:{&quot;type&quot;:&quot;&quot;,&quot;name&quot;:&quot;&quot;,&quot;data&quot;:[],&quot;id&quot;:0}}\" data-permalink=\"\/p\/wp-json\/wp\/v2\/pages\/11060?wpv_view_count=5803-CATTRa4108ebf5e8c7c3066e8be5e7b4efd39\">\n\n\t \n\n<div class=\"et_pb_section et_section_regular nopadding exams-list-section\">\n\t\n\t\t\n          <div class=\"et_pb_row widerow\">\n            <div class=\"et_pb_column et_pb_column_1_2\">\n              \n              <h2><strong>Veterinary Paraprofessional<\/strong> Certificate<\/h2>\n              Veterinary specialists are encouraged to assume responsibility in various situations in everyday practice. This role makes the TFA irreplaceable help in practice and it is often their first contact with patients and owners.\r\n\r\nOur program for additional qualification for TFA (Veterinary Technicians) was developed in order to consolidate a solid basis in the field of anesthesia assistance, while at the same time conveying important innovations relating to anesthesia in everyday practice. Supported by the experienced speakers, whose lectures address all the important points about modern anesthesia with infectious enthusiasm, the interactive learning atmosphere can be used ideally. After completing the course program, an examination at the ISVPS is also possible, with the passing of which an internationally recognized VTCert (Veterinary Technician Certificate) is awarded.\n            <\/div>\n            <!-- <div class=\"et_pb_column et_pb_column_1_2 exams-list-col2\">\n              <h3>[types termmeta='examination-title-formatted'][\/types]<\/h3>\n              [wpv-view name='gpcerts-list-view' wpvexaminationtype='veterinary-technician-certificates']\n            <\/div> -->\n          <\/div>\n          <div class=\"for-border\"><\/div>\n\t\t\n\t\n<\/div>\n\t\n\t\n<\/div>\n[\/et_pb_code][\/et_pb_column][\/et_pb_row][et_pb_row _builder_version=&#8221;4.6.0&#8243; _module_preset=&#8221;default&#8221;][et_pb_column type=&#8221;4_4&#8243; _builder_version=&#8221;4.6.0&#8243; _module_preset=&#8221;default&#8221;][et_pb_cta title=&#8221;Commencez maintenant&#8221; button_url=&#8221;https:\/\/www.improveinternational.com\/uk\/&#8221; url_new_window=&#8221;on&#8221; button_text=&#8221;Informations sur les formations d\u2019Improve Veterinary Education&#8221; _builder_version=&#8221;4.6.0&#8243; _module_preset=&#8221;default&#8221; custom_button=&#8221;on&#8221; button_text_color=&#8221;#ffffff&#8221; button_bg_color=&#8221;#461f54&#8243; button_icon=&#8221;%%20%%&#8221; button_on_hover=&#8221;off&#8221; hover_enabled=&#8221;0&#8243; sticky_enabled=&#8221;0&#8243;]<\/p>\n<p>Pour vous lancer dans votre qualification ISVPS, il vous suffit de vous inscrire \u00e0 la formation souhait\u00e9e aupr\u00e8s de notre prestataire de formation accr\u00e9dit\u00e9 Improve Veterinary Education.<\/p>\n<p>[\/et_pb_cta][\/et_pb_column][\/et_pb_row][\/et_pb_section]<\/p>\n","protected":false},"excerpt":{"rendered":"<p>[et_pb_section fb_built=&#8221;1&#8243; fullwidth=&#8221;on&#8221; _builder_version=&#8221;3.22&#8243;][et_pb_fullwidth_header title=&#8221; Veterinary Technician Certificates&#8221; module_class=&#8221;esvpsheader&#8221; _builder_version=&#8221;4.6.0&#8243; background_color=&#8221;rgba(255, 255, 255, 0)&#8221; background_image=&#8221;https:\/\/www.isvps.org\/p\/wp-content\/uploads\/2018\/05\/AdobeStock_22909545.jpg&#8221; parallax=&#8221;on&#8221; parallax_method=&#8221;on&#8221; background_layout=&#8221;light&#8221; max_width_tablet=&#8221;50px&#8221; button_one_text_size__hover_enabled=&#8221;off&#8221; button_one_text_size__hover=&#8221;null&#8221; button_two_text_size__hover_enabled=&#8221;off&#8221; button_two_text_size__hover=&#8221;null&#8221; button_one_text_color__hover_enabled=&#8221;off&#8221; button_one_text_color__hover=&#8221;null&#8221; button_two_text_color__hover_enabled=&#8221;off&#8221; button_two_text_color__hover=&#8221;null&#8221; button_one_border_width__hover_enabled=&#8221;off&#8221; button_one_border_width__hover=&#8221;null&#8221; button_two_border_width__hover_enabled=&#8221;off&#8221; button_two_border_width__hover=&#8221;null&#8221; button_one_border_color__hover_enabled=&#8221;off&#8221; button_one_border_color__hover=&#8221;null&#8221; button_two_border_color__hover_enabled=&#8221;off&#8221; button_two_border_color__hover=&#8221;null&#8221; button_one_border_radius__hover_enabled=&#8221;off&#8221; button_one_border_radius__hover=&#8221;null&#8221; button_two_border_radius__hover_enabled=&#8221;off&#8221; button_two_border_radius__hover=&#8221;null&#8221; button_one_letter_spacing__hover_enabled=&#8221;off&#8221; button_one_letter_spacing__hover=&#8221;null&#8221; button_two_letter_spacing__hover_enabled=&#8221;off&#8221; button_two_letter_spacing__hover=&#8221;null&#8221; button_one_bg_color__hover_enabled=&#8221;off&#8221; button_one_bg_color__hover=&#8221;null&#8221; button_two_bg_color__hover_enabled=&#8221;off&#8221; button_two_bg_color__hover=&#8221;null&#8221;][\/et_pb_fullwidth_header][\/et_pb_section][et_pb_section fb_built=&#8221;1&#8243; _builder_version=&#8221;3.22&#8243;][et_pb_row _builder_version=&#8221;4.0.9&#8243;][et_pb_column type=&#8221;4_4&#8243; _builder_version=&#8221;4.0.9&#8243;][et_pb_code _builder_version=&#8221;4.6.0&#8243;][\/et_pb_code][\/et_pb_column][\/et_pb_row][et_pb_row _builder_version=&#8221;4.6.0&#8243; _module_preset=&#8221;default&#8221;][et_pb_column [&hellip;]<\/p>\n","protected":false},"author":1,"featured_media":0,"parent":0,"menu_order":0,"comment_status":"closed","ping_status":"closed","template":"","meta":{"_et_pb_use_builder":"on","_et_pb_old_content":"","_et_gb_content_width":""},"yoast_head":"<!-- This site is optimized with the Yoast SEO plugin v21.2 - https:\/\/yoast.com\/wordpress\/plugins\/seo\/ -->\n<title>Veterinary Technician Certificates - ISVPS<\/title>\n<meta name=\"robots\" content=\"index, follow, max-snippet:-1, max-image-preview:large, max-video-preview:-1\" \/>\n<link rel=\"canonical\" href=\"https:\/\/www.isvps.org\/p\/en\/veterinary-technician-certificates\/\" \/>\n<meta property=\"og:locale\" content=\"en_GB\" \/>\n<meta property=\"og:type\" content=\"article\" \/>\n<meta property=\"og:title\" content=\"Veterinary Technician Certificates - ISVPS\" \/>\n<meta property=\"og:description\" content=\"[et_pb_section fb_built=&#8221;1&#8243; fullwidth=&#8221;on&#8221; _builder_version=&#8221;3.22&#8243;][et_pb_fullwidth_header title=&#8221; Veterinary Technician Certificates&#8221; module_class=&#8221;esvpsheader&#8221; _builder_version=&#8221;4.6.0&#8243; background_color=&#8221;rgba(255, 255, 255, 0)&#8221; background_image=&#8221;https:\/\/www.isvps.org\/p\/wp-content\/uploads\/2018\/05\/AdobeStock_22909545.jpg&#8221; parallax=&#8221;on&#8221; parallax_method=&#8221;on&#8221; background_layout=&#8221;light&#8221; max_width_tablet=&#8221;50px&#8221; button_one_text_size__hover_enabled=&#8221;off&#8221; button_one_text_size__hover=&#8221;null&#8221; button_two_text_size__hover_enabled=&#8221;off&#8221; button_two_text_size__hover=&#8221;null&#8221; button_one_text_color__hover_enabled=&#8221;off&#8221; button_one_text_color__hover=&#8221;null&#8221; button_two_text_color__hover_enabled=&#8221;off&#8221; button_two_text_color__hover=&#8221;null&#8221; button_one_border_width__hover_enabled=&#8221;off&#8221; button_one_border_width__hover=&#8221;null&#8221; button_two_border_width__hover_enabled=&#8221;off&#8221; button_two_border_width__hover=&#8221;null&#8221; button_one_border_color__hover_enabled=&#8221;off&#8221; button_one_border_color__hover=&#8221;null&#8221; button_two_border_color__hover_enabled=&#8221;off&#8221; button_two_border_color__hover=&#8221;null&#8221; button_one_border_radius__hover_enabled=&#8221;off&#8221; button_one_border_radius__hover=&#8221;null&#8221; button_two_border_radius__hover_enabled=&#8221;off&#8221; button_two_border_radius__hover=&#8221;null&#8221; button_one_letter_spacing__hover_enabled=&#8221;off&#8221; button_one_letter_spacing__hover=&#8221;null&#8221; button_two_letter_spacing__hover_enabled=&#8221;off&#8221; button_two_letter_spacing__hover=&#8221;null&#8221; button_one_bg_color__hover_enabled=&#8221;off&#8221; button_one_bg_color__hover=&#8221;null&#8221; button_two_bg_color__hover_enabled=&#8221;off&#8221; button_two_bg_color__hover=&#8221;null&#8221;][\/et_pb_fullwidth_header][\/et_pb_section][et_pb_section fb_built=&#8221;1&#8243; _builder_version=&#8221;3.22&#8243;][et_pb_row _builder_version=&#8221;4.0.9&#8243;][et_pb_column type=&#8221;4_4&#8243; _builder_version=&#8221;4.0.9&#8243;][et_pb_code _builder_version=&#8221;4.6.0&#8243;][\/et_pb_code][\/et_pb_column][\/et_pb_row][et_pb_row _builder_version=&#8221;4.6.0&#8243; _module_preset=&#8221;default&#8221;][et_pb_column [&hellip;]\" \/>\n<meta property=\"og:url\" content=\"https:\/\/www.isvps.org\/p\/fr\/veterinary-technician-certificates\/\" \/>\n<meta property=\"og:site_name\" content=\"ISVPS\" \/>\n<meta property=\"article:modified_time\" content=\"2024-06-17T15:55:01+00:00\" \/>\n<meta name=\"twitter:card\" content=\"summary_large_image\" \/>\n<meta name=\"twitter:label1\" content=\"Estimated reading time\" \/>\n\t<meta name=\"twitter:data1\" content=\"1 minute\" \/>\n<script type=\"application\/ld+json\" class=\"yoast-schema-graph\">{\"@context\":\"https:\/\/schema.org\",\"@graph\":[{\"@type\":\"WebPage\",\"@id\":\"https:\/\/www.isvps.org\/p\/fr\/veterinary-technician-certificates\/\",\"url\":\"https:\/\/www.isvps.org\/p\/fr\/veterinary-technician-certificates\/\",\"name\":\"Veterinary Technician Certificates - ISVPS\",\"isPartOf\":{\"@id\":\"https:\/\/www.isvps.org\/p\/en\/#website\"},\"datePublished\":\"2018-05-18T12:46:45+00:00\",\"dateModified\":\"2024-06-17T15:55:01+00:00\",\"breadcrumb\":{\"@id\":\"https:\/\/www.isvps.org\/p\/fr\/veterinary-technician-certificates\/#breadcrumb\"},\"inLanguage\":\"en-GB\",\"potentialAction\":[{\"@type\":\"ReadAction\",\"target\":[\"https:\/\/www.isvps.org\/p\/fr\/veterinary-technician-certificates\/\"]}]},{\"@type\":\"BreadcrumbList\",\"@id\":\"https:\/\/www.isvps.org\/p\/fr\/veterinary-technician-certificates\/#breadcrumb\",\"itemListElement\":[{\"@type\":\"ListItem\",\"position\":1,\"name\":\"Home\",\"item\":\"https:\/\/www.isvps.org\/p\/en\/\"},{\"@type\":\"ListItem\",\"position\":2,\"name\":\"Veterinary Technician Certificates\"}]},{\"@type\":\"WebSite\",\"@id\":\"https:\/\/www.isvps.org\/p\/en\/#website\",\"url\":\"https:\/\/www.isvps.org\/p\/en\/\",\"name\":\"ISVPS\",\"description\":\"International School of Veterinary Postgraduate Studies (ISVPS)\",\"publisher\":{\"@id\":\"https:\/\/www.isvps.org\/p\/en\/#organization\"},\"potentialAction\":[{\"@type\":\"SearchAction\",\"target\":{\"@type\":\"EntryPoint\",\"urlTemplate\":\"https:\/\/www.isvps.org\/p\/en\/?s={search_term_string}\"},\"query-input\":\"required name=search_term_string\"}],\"inLanguage\":\"en-GB\"},{\"@type\":\"Organization\",\"@id\":\"https:\/\/www.isvps.org\/p\/en\/#organization\",\"name\":\"International School of Veterinary Postgraduate Studies\",\"url\":\"https:\/\/www.isvps.org\/p\/en\/\",\"logo\":{\"@type\":\"ImageObject\",\"inLanguage\":\"en-GB\",\"@id\":\"https:\/\/www.isvps.org\/p\/en\/#\/schema\/logo\/image\/\",\"url\":\"https:\/\/www.isvps.org\/p\/wp-content\/uploads\/2018\/05\/ISVPS_logo.png\",\"contentUrl\":\"https:\/\/www.isvps.org\/p\/wp-content\/uploads\/2018\/05\/ISVPS_logo.png\",\"width\":1800,\"height\":480,\"caption\":\"International School of Veterinary Postgraduate Studies\"},\"image\":{\"@id\":\"https:\/\/www.isvps.org\/p\/en\/#\/schema\/logo\/image\/\"}}]}<\/script>\n<!-- \/ Yoast SEO plugin. -->","yoast_head_json":{"title":"Veterinary Technician Certificates - ISVPS","robots":{"index":"index","follow":"follow","max-snippet":"max-snippet:-1","max-image-preview":"max-image-preview:large","max-video-preview":"max-video-preview:-1"},"canonical":"https:\/\/www.isvps.org\/p\/en\/veterinary-technician-certificates\/","og_locale":"en_GB","og_type":"article","og_title":"Veterinary Technician Certificates - ISVPS","og_description":"[et_pb_section fb_built=&#8221;1&#8243; fullwidth=&#8221;on&#8221; _builder_version=&#8221;3.22&#8243;][et_pb_fullwidth_header title=&#8221; Veterinary Technician Certificates&#8221; module_class=&#8221;esvpsheader&#8221; _builder_version=&#8221;4.6.0&#8243; background_color=&#8221;rgba(255, 255, 255, 0)&#8221; background_image=&#8221;https:\/\/www.isvps.org\/p\/wp-content\/uploads\/2018\/05\/AdobeStock_22909545.jpg&#8221; parallax=&#8221;on&#8221; parallax_method=&#8221;on&#8221; background_layout=&#8221;light&#8221; max_width_tablet=&#8221;50px&#8221; button_one_text_size__hover_enabled=&#8221;off&#8221; button_one_text_size__hover=&#8221;null&#8221; button_two_text_size__hover_enabled=&#8221;off&#8221; button_two_text_size__hover=&#8221;null&#8221; button_one_text_color__hover_enabled=&#8221;off&#8221; button_one_text_color__hover=&#8221;null&#8221; button_two_text_color__hover_enabled=&#8221;off&#8221; button_two_text_color__hover=&#8221;null&#8221; button_one_border_width__hover_enabled=&#8221;off&#8221; button_one_border_width__hover=&#8221;null&#8221; button_two_border_width__hover_enabled=&#8221;off&#8221; button_two_border_width__hover=&#8221;null&#8221; button_one_border_color__hover_enabled=&#8221;off&#8221; button_one_border_color__hover=&#8221;null&#8221; button_two_border_color__hover_enabled=&#8221;off&#8221; button_two_border_color__hover=&#8221;null&#8221; button_one_border_radius__hover_enabled=&#8221;off&#8221; button_one_border_radius__hover=&#8221;null&#8221; button_two_border_radius__hover_enabled=&#8221;off&#8221; button_two_border_radius__hover=&#8221;null&#8221; button_one_letter_spacing__hover_enabled=&#8221;off&#8221; button_one_letter_spacing__hover=&#8221;null&#8221; button_two_letter_spacing__hover_enabled=&#8221;off&#8221; button_two_letter_spacing__hover=&#8221;null&#8221; button_one_bg_color__hover_enabled=&#8221;off&#8221; button_one_bg_color__hover=&#8221;null&#8221; button_two_bg_color__hover_enabled=&#8221;off&#8221; button_two_bg_color__hover=&#8221;null&#8221;][\/et_pb_fullwidth_header][\/et_pb_section][et_pb_section fb_built=&#8221;1&#8243; _builder_version=&#8221;3.22&#8243;][et_pb_row _builder_version=&#8221;4.0.9&#8243;][et_pb_column type=&#8221;4_4&#8243; _builder_version=&#8221;4.0.9&#8243;][et_pb_code _builder_version=&#8221;4.6.0&#8243;][\/et_pb_code][\/et_pb_column][\/et_pb_row][et_pb_row _builder_version=&#8221;4.6.0&#8243; _module_preset=&#8221;default&#8221;][et_pb_column [&hellip;]","og_url":"https:\/\/www.isvps.org\/p\/fr\/veterinary-technician-certificates\/","og_site_name":"ISVPS","article_modified_time":"2024-06-17T15:55:01+00:00","twitter_card":"summary_large_image","twitter_misc":{"Estimated reading time":"1 minute"},"schema":{"@context":"https:\/\/schema.org","@graph":[{"@type":"WebPage","@id":"https:\/\/www.isvps.org\/p\/fr\/veterinary-technician-certificates\/","url":"https:\/\/www.isvps.org\/p\/fr\/veterinary-technician-certificates\/","name":"Veterinary Technician Certificates - ISVPS","isPartOf":{"@id":"https:\/\/www.isvps.org\/p\/en\/#website"},"datePublished":"2018-05-18T12:46:45+00:00","dateModified":"2024-06-17T15:55:01+00:00","breadcrumb":{"@id":"https:\/\/www.isvps.org\/p\/fr\/veterinary-technician-certificates\/#breadcrumb"},"inLanguage":"en-GB","potentialAction":[{"@type":"ReadAction","target":["https:\/\/www.isvps.org\/p\/fr\/veterinary-technician-certificates\/"]}]},{"@type":"BreadcrumbList","@id":"https:\/\/www.isvps.org\/p\/fr\/veterinary-technician-certificates\/#breadcrumb","itemListElement":[{"@type":"ListItem","position":1,"name":"Home","item":"https:\/\/www.isvps.org\/p\/en\/"},{"@type":"ListItem","position":2,"name":"Veterinary Technician Certificates"}]},{"@type":"WebSite","@id":"https:\/\/www.isvps.org\/p\/en\/#website","url":"https:\/\/www.isvps.org\/p\/en\/","name":"ISVPS","description":"International School of Veterinary Postgraduate Studies (ISVPS)","publisher":{"@id":"https:\/\/www.isvps.org\/p\/en\/#organization"},"potentialAction":[{"@type":"SearchAction","target":{"@type":"EntryPoint","urlTemplate":"https:\/\/www.isvps.org\/p\/en\/?s={search_term_string}"},"query-input":"required name=search_term_string"}],"inLanguage":"en-GB"},{"@type":"Organization","@id":"https:\/\/www.isvps.org\/p\/en\/#organization","name":"International School of Veterinary Postgraduate Studies","url":"https:\/\/www.isvps.org\/p\/en\/","logo":{"@type":"ImageObject","inLanguage":"en-GB","@id":"https:\/\/www.isvps.org\/p\/en\/#\/schema\/logo\/image\/","url":"https:\/\/www.isvps.org\/p\/wp-content\/uploads\/2018\/05\/ISVPS_logo.png","contentUrl":"https:\/\/www.isvps.org\/p\/wp-content\/uploads\/2018\/05\/ISVPS_logo.png","width":1800,"height":480,"caption":"International School of Veterinary Postgraduate Studies"},"image":{"@id":"https:\/\/www.isvps.org\/p\/en\/#\/schema\/logo\/image\/"}}]}},"_links":{"self":[{"href":"https:\/\/www.isvps.org\/p\/wp-json\/wp\/v2\/pages\/11060"}],"collection":[{"href":"https:\/\/www.isvps.org\/p\/wp-json\/wp\/v2\/pages"}],"about":[{"href":"https:\/\/www.isvps.org\/p\/wp-json\/wp\/v2\/types\/page"}],"author":[{"embeddable":true,"href":"https:\/\/www.isvps.org\/p\/wp-json\/wp\/v2\/users\/1"}],"replies":[{"embeddable":true,"href":"https:\/\/www.isvps.org\/p\/wp-json\/wp\/v2\/comments?post=11060"}],"version-history":[{"count":9,"href":"https:\/\/www.isvps.org\/p\/wp-json\/wp\/v2\/pages\/11060\/revisions"}],"predecessor-version":[{"id":11910,"href":"https:\/\/www.isvps.org\/p\/wp-json\/wp\/v2\/pages\/11060\/revisions\/11910"}],"wp:attachment":[{"href":"https:\/\/www.isvps.org\/p\/wp-json\/wp\/v2\/media?parent=11060"}],"curies":[{"name":"wp","href":"https:\/\/api.w.org\/{rel}","templated":true}]}}