{"id":2335,"date":"2018-05-18T12:53:38","date_gmt":"2018-05-18T12:53:38","guid":{"rendered":"https:\/\/www.isvps.org\/p\/training\/"},"modified":"2025-06-18T17:05:57","modified_gmt":"2025-06-18T17:05:57","slug":"training","status":"publish","type":"page","link":"https:\/\/www.isvps.org\/p\/it\/training\/","title":{"rendered":"Training"},"content":{"rendered":"<p>[et_pb_section fb_built=&#8221;1&#8243; fullwidth=&#8221;on&#8221; _builder_version=&#8221;3.22&#8243;][et_pb_fullwidth_header title=&#8221;Formazione&#8221; module_class=&#8221;esvpsheader&#8221; _builder_version=&#8221;3.16&#8243; background_color=&#8221;rgba(255, 255, 255, 0)&#8221; background_image=&#8221;https:\/\/www.isvps.org\/p\/wp-content\/uploads\/2018\/05\/AdobeStock_18634956-2.jpg&#8221; parallax=&#8221;on&#8221; parallax_method=&#8221;on&#8221; background_layout=&#8221;light&#8221; button_one_text_size__hover_enabled=&#8221;off&#8221; button_one_text_size__hover=&#8221;null&#8221; button_two_text_size__hover_enabled=&#8221;off&#8221; button_two_text_size__hover=&#8221;null&#8221; button_one_text_color__hover_enabled=&#8221;off&#8221; button_one_text_color__hover=&#8221;null&#8221; button_two_text_color__hover_enabled=&#8221;off&#8221; button_two_text_color__hover=&#8221;null&#8221; button_one_border_width__hover_enabled=&#8221;off&#8221; button_one_border_width__hover=&#8221;null&#8221; button_two_border_width__hover_enabled=&#8221;off&#8221; button_two_border_width__hover=&#8221;null&#8221; button_one_border_color__hover_enabled=&#8221;off&#8221; button_one_border_color__hover=&#8221;null&#8221; button_two_border_color__hover_enabled=&#8221;off&#8221; button_two_border_color__hover=&#8221;null&#8221; button_one_border_radius__hover_enabled=&#8221;off&#8221; button_one_border_radius__hover=&#8221;null&#8221; button_two_border_radius__hover_enabled=&#8221;off&#8221; button_two_border_radius__hover=&#8221;null&#8221; button_one_letter_spacing__hover_enabled=&#8221;off&#8221; button_one_letter_spacing__hover=&#8221;null&#8221; button_two_letter_spacing__hover_enabled=&#8221;off&#8221; button_two_letter_spacing__hover=&#8221;null&#8221; button_one_bg_color__hover_enabled=&#8221;off&#8221; button_one_bg_color__hover=&#8221;null&#8221; button_two_bg_color__hover_enabled=&#8221;off&#8221; button_two_bg_color__hover=&#8221;null&#8221;][\/et_pb_fullwidth_header][\/et_pb_section][et_pb_section fb_built=&#8221;1&#8243; _builder_version=&#8221;4.0.9&#8243; disabled_on=&#8221;on|on|on&#8221; disabled=&#8221;on&#8221;][et_pb_row _builder_version=&#8221;4.0.9&#8243;][et_pb_column type=&#8221;4_4&#8243; _builder_version=&#8221;4.0.9&#8243;][et_pb_code _builder_version=&#8221;4.0.9&#8243;]\n\n\n<div id=\"wpv-view-layout-6477\" class=\"js-wpv-view-layout js-wpv-layout-responsive js-wpv-view-layout-6477\" data-viewnumber=\"6477\" data-pagination=\"{&quot;id&quot;:6477,&quot;query&quot;:&quot;normal&quot;,&quot;type&quot;:&quot;disabled&quot;,&quot;effect&quot;:&quot;fade&quot;,&quot;duration&quot;:500,&quot;speed&quot;:5,&quot;pause_on_hover&quot;:&quot;disabled&quot;,&quot;stop_rollover&quot;:&quot;false&quot;,&quot;cache_pages&quot;:&quot;enabled&quot;,&quot;preload_images&quot;:&quot;enabled&quot;,&quot;preload_pages&quot;:&quot;enabled&quot;,&quot;preload_reach&quot;:1,&quot;spinner&quot;:&quot;builtin&quot;,&quot;spinner_image&quot;:&quot;https:\/\/www.isvps.org\/p\/wp-content\/plugins\/wp-views\/embedded\/res\/img\/ajax-loader.gif&quot;,&quot;callback_next&quot;:&quot;&quot;,&quot;manage_history&quot;:&quot;enabled&quot;,&quot;has_controls_in_form&quot;:&quot;disabled&quot;,&quot;infinite_tolerance&quot;:&quot;0&quot;,&quot;max_pages&quot;:0,&quot;page&quot;:1,&quot;base_permalink&quot;:&quot;\/p\/wp-json\/wp\/v2\/pages\/2335?wpv_view_count=6477&amp;wpv_paged=WPV_PAGE_NUM&quot;,&quot;loop&quot;:{&quot;type&quot;:&quot;&quot;,&quot;name&quot;:&quot;&quot;,&quot;data&quot;:[],&quot;id&quot;:0}}\" data-permalink=\"\/p\/wp-json\/wp\/v2\/pages\/2335?wpv_view_count=6477\">\n\n\t\n<div class=\"et_pb_section et_section_regular nopadding training-list-section\">\n\t\n\t\t\n          <div class=\"et_pb_row widerow\">\n            <div class=\"et_pb_column et_pb_column_1_3\">\n              <img width=\"1367\" height=\"321\" src=\"https:\/\/www.isvps.org\/p\/wp-content\/uploads\/2021\/12\/logo-SCIVAC-2021-12.png\" class=\"attachment-full size-full wp-post-image\" alt=\"scivac logo\" decoding=\"async\" loading=\"lazy\" srcset=\"https:\/\/www.isvps.org\/p\/wp-content\/uploads\/2021\/12\/logo-SCIVAC-2021-12.png 1367w, https:\/\/www.isvps.org\/p\/wp-content\/uploads\/2021\/12\/logo-SCIVAC-2021-12-1280x301.png 1280w, https:\/\/www.isvps.org\/p\/wp-content\/uploads\/2021\/12\/logo-SCIVAC-2021-12-980x230.png 980w, https:\/\/www.isvps.org\/p\/wp-content\/uploads\/2021\/12\/logo-SCIVAC-2021-12-480x113.png 480w\" sizes=\"(min-width: 0px) and (max-width: 480px) 480px, (min-width: 481px) and (max-width: 980px) 980px, (min-width: 981px) and (max-width: 1280px) 1280px, (min-width: 1281px) 1367px, 100vw\" \/>\n            <\/div>\n            <div class=\"et_pb_column et_pb_column_2_3 training-list-col2\">\n              <h2>SCIVAC<\/h2>\n              <p>SCIVAC, the Italian Veterinary Society for Companion Animals, was established in 1984 and is the largest and oldest Scientific Veterinary Society in Italy; its focus is on the professional scientific training of its members as well as on protecting the interests and respectability of Veterinarians while promoting consideration for this profession. SCIVAC guarantees high-level training courses with renown international speakers and an organizational capacity for high-level events, all organized within the unique context of the ancient Palazzo Trecchi in the city of Cremona.<br \/>\nScivac is the only Italian provider that offers ISVPS accredited educational courses.<\/p>\n\n            <\/div>\n          <\/div>\n          <div class=\"for-border\"><\/div>\n\t\t\n          <div class=\"et_pb_row widerow\">\n            <div class=\"et_pb_column et_pb_column_1_3\">\n              <img width=\"6070\" height=\"1232\" src=\"https:\/\/www.isvps.org\/p\/wp-content\/uploads\/2019\/12\/Veterinary-Education-logo_Colour.png\" class=\"attachment-full size-full wp-post-image\" alt=\"\" decoding=\"async\" loading=\"lazy\" srcset=\"https:\/\/www.isvps.org\/p\/wp-content\/uploads\/2019\/12\/Veterinary-Education-logo_Colour.png 6070w, https:\/\/www.isvps.org\/p\/wp-content\/uploads\/2019\/12\/Veterinary-Education-logo_Colour-1280x260.png 1280w, https:\/\/www.isvps.org\/p\/wp-content\/uploads\/2019\/12\/Veterinary-Education-logo_Colour-980x199.png 980w, https:\/\/www.isvps.org\/p\/wp-content\/uploads\/2019\/12\/Veterinary-Education-logo_Colour-480x97.png 480w\" sizes=\"(min-width: 0px) and (max-width: 480px) 480px, (min-width: 481px) and (max-width: 980px) 980px, (min-width: 981px) and (max-width: 1280px) 1280px, (min-width: 1281px) 6070px, 100vw\" \/>\n            <\/div>\n            <div class=\"et_pb_column et_pb_column_2_3 training-list-col2\">\n              <h2>Improve Veterinary Education<\/h2>\n              <p>Improve Veterinary Education was established in 1998 by a group of veterinary surgeons from across the UK. They run Continuous Professional Development (CPD) for veterinary professionals to help develop skills and knowledge required in practice. They are the leading pioneers of modular CPD and they have a large bank of world-class speakers who deliver the academic syllabus. Improve Veterinary Education is the largest private provider of veterinary CPD in Europe and they operate in over 20 countries worldwide.<\/p>\n\n            <\/div>\n          <\/div>\n          <div class=\"for-border\"><\/div>\n\t\t\n\t\n<\/div>\n\t\n\t\n<\/div>\n[\/et_pb_code][\/et_pb_column][\/et_pb_row][\/et_pb_section][et_pb_section fb_built=&#8221;1&#8243; disabled_on=&#8221;off|off|off&#8221; _builder_version=&#8221;4.0.9&#8243; hover_enabled=&#8221;0&#8243; locked=&#8221;off&#8221; sticky_enabled=&#8221;0&#8243; collapsed=&#8221;off&#8221;][et_pb_row column_structure=&#8221;1_3,2_3&#8243; _builder_version=&#8221;4.0.9&#8243;][et_pb_column type=&#8221;1_3&#8243; _builder_version=&#8221;4.0.9&#8243;][et_pb_image src=&#8221;https:\/\/www.isvps.org\/p\/wp-content\/uploads\/2021\/12\/logo-SCIVAC-2021-12.png&#8221; alt=&#8221;scivac logo&#8221; title_text=&#8221;logo SCIVAC 2021-12&#8243; url=&#8221;https:\/\/www.scivac.it&#8221; url_new_window=&#8221;on&#8221; _builder_version=&#8221;4.6.0&#8243; _module_preset=&#8221;default&#8221; hover_enabled=&#8221;0&#8243; sticky_enabled=&#8221;0&#8243;][\/et_pb_image][\/et_pb_column][et_pb_column type=&#8221;2_3&#8243; _builder_version=&#8221;4.0.9&#8243;][et_pb_text _builder_version=&#8221;4.6.0&#8243; _module_preset=&#8221;default&#8221;]<\/p>\n<h2>SCIVAC<\/h2>\n<p>SCIVAC, Societ\u00e0 Culturale Italiana Veterinari per Animali da Compagnia fu fondata nel 1984 ed \u00e8 la pi\u00f9 grande Societ\u00e0 Scientifica Veterinaria d\u2019Italia avente come finalit\u00e0 l\u2019educazione scientifico-professionale dei propri iscritti, la salvaguardia degli interessi dei Medici Veterinari e la tutela della loro dignit\u00e0 e considerazione pubblica.<\/p>\n<p>SCIVAC garantisce corsi di formazione di alto livello con relatori di fama internazionale e possiede una capacit\u00e0 organizzativa per eventi di eccellenza, il tutto nel contesto unico dell\u2019antico Palazzo Trecchi, nella citt\u00e0 di Cremona.<\/p>\n<p>SCIVAC \u00e8 l\u2019unico provider italiano che certifica i corsi di formazione accreditati ISVPS.<\/p>\n<p>[\/et_pb_text][\/et_pb_column][\/et_pb_row][et_pb_row column_structure=&#8221;1_3,2_3&#8243; _builder_version=&#8221;4.0.9&#8243;][et_pb_column type=&#8221;1_3&#8243; _builder_version=&#8221;4.0.9&#8243;][et_pb_image src=&#8221;https:\/\/www.isvps.org\/p\/wp-content\/uploads\/2025\/05\/logo-sivae1.jpg&#8221; alt=&#8221;scivac logo&#8221; title_text=&#8221;logo-sivae1&#8243; url=&#8221;https:\/\/www.scivac.it&#8221; url_new_window=&#8221;on&#8221; _builder_version=&#8221;4.6.0&#8243; _module_preset=&#8221;default&#8221; hover_enabled=&#8221;0&#8243; sticky_enabled=&#8221;0&#8243;][\/et_pb_image][\/et_pb_column][et_pb_column type=&#8221;2_3&#8243; _builder_version=&#8221;4.0.9&#8243;][et_pb_text _builder_version=&#8221;4.6.0&#8243; _module_preset=&#8221;default&#8221; hover_enabled=&#8221;0&#8243; sticky_enabled=&#8221;0&#8243;]<\/p>\n<h2>Societ\u00e0 Italiana Veterinaria per Animali Esotici<\/h2>\n<p>La SIVAE \u00e8 la pi\u00f9 grande associazione professionale italiana dedita al progresso della medicina e chirurgia degli animali esotici e dei pet non convenzionali e all\u2019educazione continua dei suoi soci.[\/et_pb_text][\/et_pb_column][\/et_pb_row][\/et_pb_section]<\/p>\n","protected":false},"excerpt":{"rendered":"<p>[et_pb_section fb_built=&#8221;1&#8243; fullwidth=&#8221;on&#8221; _builder_version=&#8221;3.22&#8243;][et_pb_fullwidth_header title=&#8221;Formazione&#8221; module_class=&#8221;esvpsheader&#8221; _builder_version=&#8221;3.16&#8243; background_color=&#8221;rgba(255, 255, 255, 0)&#8221; background_image=&#8221;https:\/\/www.isvps.org\/p\/wp-content\/uploads\/2018\/05\/AdobeStock_18634956-2.jpg&#8221; parallax=&#8221;on&#8221; parallax_method=&#8221;on&#8221; background_layout=&#8221;light&#8221; button_one_text_size__hover_enabled=&#8221;off&#8221; button_one_text_size__hover=&#8221;null&#8221; button_two_text_size__hover_enabled=&#8221;off&#8221; button_two_text_size__hover=&#8221;null&#8221; button_one_text_color__hover_enabled=&#8221;off&#8221; button_one_text_color__hover=&#8221;null&#8221; button_two_text_color__hover_enabled=&#8221;off&#8221; button_two_text_color__hover=&#8221;null&#8221; button_one_border_width__hover_enabled=&#8221;off&#8221; button_one_border_width__hover=&#8221;null&#8221; button_two_border_width__hover_enabled=&#8221;off&#8221; button_two_border_width__hover=&#8221;null&#8221; button_one_border_color__hover_enabled=&#8221;off&#8221; button_one_border_color__hover=&#8221;null&#8221; button_two_border_color__hover_enabled=&#8221;off&#8221; button_two_border_color__hover=&#8221;null&#8221; button_one_border_radius__hover_enabled=&#8221;off&#8221; button_one_border_radius__hover=&#8221;null&#8221; button_two_border_radius__hover_enabled=&#8221;off&#8221; button_two_border_radius__hover=&#8221;null&#8221; button_one_letter_spacing__hover_enabled=&#8221;off&#8221; button_one_letter_spacing__hover=&#8221;null&#8221; button_two_letter_spacing__hover_enabled=&#8221;off&#8221; button_two_letter_spacing__hover=&#8221;null&#8221; button_one_bg_color__hover_enabled=&#8221;off&#8221; button_one_bg_color__hover=&#8221;null&#8221; button_two_bg_color__hover_enabled=&#8221;off&#8221; button_two_bg_color__hover=&#8221;null&#8221;][\/et_pb_fullwidth_header][\/et_pb_section][et_pb_section fb_built=&#8221;1&#8243; _builder_version=&#8221;4.0.9&#8243; disabled_on=&#8221;on|on|on&#8221; disabled=&#8221;on&#8221;][et_pb_row _builder_version=&#8221;4.0.9&#8243;][et_pb_column type=&#8221;4_4&#8243; _builder_version=&#8221;4.0.9&#8243;][et_pb_code _builder_version=&#8221;4.0.9&#8243;][\/et_pb_code][\/et_pb_column][\/et_pb_row][\/et_pb_section][et_pb_section fb_built=&#8221;1&#8243; disabled_on=&#8221;off|off|off&#8221; _builder_version=&#8221;4.0.9&#8243; hover_enabled=&#8221;0&#8243; [&hellip;]<\/p>\n","protected":false},"author":1,"featured_media":0,"parent":0,"menu_order":0,"comment_status":"closed","ping_status":"closed","template":"","meta":{"_et_pb_use_builder":"on","_et_pb_old_content":"","_et_gb_content_width":""},"yoast_head":"<!-- This site is optimized with the Yoast SEO plugin v21.2 - https:\/\/yoast.com\/wordpress\/plugins\/seo\/ -->\n<title>Training - ISVPS<\/title>\n<meta name=\"robots\" content=\"index, follow, max-snippet:-1, max-image-preview:large, max-video-preview:-1\" \/>\n<link rel=\"canonical\" href=\"https:\/\/www.isvps.org\/p\/en\/training\/\" \/>\n<meta property=\"og:locale\" content=\"en_GB\" \/>\n<meta property=\"og:type\" content=\"article\" \/>\n<meta property=\"og:title\" content=\"Training - ISVPS\" \/>\n<meta property=\"og:description\" content=\"[et_pb_section fb_built=&#8221;1&#8243; fullwidth=&#8221;on&#8221; _builder_version=&#8221;3.22&#8243;][et_pb_fullwidth_header title=&#8221;Formazione&#8221; module_class=&#8221;esvpsheader&#8221; _builder_version=&#8221;3.16&#8243; background_color=&#8221;rgba(255, 255, 255, 0)&#8221; background_image=&#8221;https:\/\/www.isvps.org\/p\/wp-content\/uploads\/2018\/05\/AdobeStock_18634956-2.jpg&#8221; parallax=&#8221;on&#8221; parallax_method=&#8221;on&#8221; background_layout=&#8221;light&#8221; button_one_text_size__hover_enabled=&#8221;off&#8221; button_one_text_size__hover=&#8221;null&#8221; button_two_text_size__hover_enabled=&#8221;off&#8221; button_two_text_size__hover=&#8221;null&#8221; button_one_text_color__hover_enabled=&#8221;off&#8221; button_one_text_color__hover=&#8221;null&#8221; button_two_text_color__hover_enabled=&#8221;off&#8221; button_two_text_color__hover=&#8221;null&#8221; button_one_border_width__hover_enabled=&#8221;off&#8221; button_one_border_width__hover=&#8221;null&#8221; button_two_border_width__hover_enabled=&#8221;off&#8221; button_two_border_width__hover=&#8221;null&#8221; button_one_border_color__hover_enabled=&#8221;off&#8221; button_one_border_color__hover=&#8221;null&#8221; button_two_border_color__hover_enabled=&#8221;off&#8221; button_two_border_color__hover=&#8221;null&#8221; button_one_border_radius__hover_enabled=&#8221;off&#8221; button_one_border_radius__hover=&#8221;null&#8221; button_two_border_radius__hover_enabled=&#8221;off&#8221; button_two_border_radius__hover=&#8221;null&#8221; button_one_letter_spacing__hover_enabled=&#8221;off&#8221; button_one_letter_spacing__hover=&#8221;null&#8221; button_two_letter_spacing__hover_enabled=&#8221;off&#8221; button_two_letter_spacing__hover=&#8221;null&#8221; button_one_bg_color__hover_enabled=&#8221;off&#8221; button_one_bg_color__hover=&#8221;null&#8221; button_two_bg_color__hover_enabled=&#8221;off&#8221; button_two_bg_color__hover=&#8221;null&#8221;][\/et_pb_fullwidth_header][\/et_pb_section][et_pb_section fb_built=&#8221;1&#8243; _builder_version=&#8221;4.0.9&#8243; disabled_on=&#8221;on|on|on&#8221; disabled=&#8221;on&#8221;][et_pb_row _builder_version=&#8221;4.0.9&#8243;][et_pb_column type=&#8221;4_4&#8243; _builder_version=&#8221;4.0.9&#8243;][et_pb_code _builder_version=&#8221;4.0.9&#8243;][\/et_pb_code][\/et_pb_column][\/et_pb_row][\/et_pb_section][et_pb_section fb_built=&#8221;1&#8243; disabled_on=&#8221;off|off|off&#8221; _builder_version=&#8221;4.0.9&#8243; hover_enabled=&#8221;0&#8243; [&hellip;]\" \/>\n<meta property=\"og:url\" content=\"https:\/\/www.isvps.org\/p\/it\/training\/\" \/>\n<meta property=\"og:site_name\" content=\"ISVPS\" \/>\n<meta property=\"article:modified_time\" content=\"2025-06-18T17:05:57+00:00\" \/>\n<meta name=\"twitter:card\" content=\"summary_large_image\" \/>\n<meta name=\"twitter:label1\" content=\"Estimated reading time\" \/>\n\t<meta name=\"twitter:data1\" content=\"1 minute\" \/>\n<script type=\"application\/ld+json\" class=\"yoast-schema-graph\">{\"@context\":\"https:\/\/schema.org\",\"@graph\":[{\"@type\":\"WebPage\",\"@id\":\"https:\/\/www.isvps.org\/p\/it\/training\/\",\"url\":\"https:\/\/www.isvps.org\/p\/it\/training\/\",\"name\":\"Training - ISVPS\",\"isPartOf\":{\"@id\":\"https:\/\/www.isvps.org\/p\/en\/#website\"},\"datePublished\":\"2018-05-18T12:53:38+00:00\",\"dateModified\":\"2025-06-18T17:05:57+00:00\",\"breadcrumb\":{\"@id\":\"https:\/\/www.isvps.org\/p\/it\/training\/#breadcrumb\"},\"inLanguage\":\"en-GB\",\"potentialAction\":[{\"@type\":\"ReadAction\",\"target\":[\"https:\/\/www.isvps.org\/p\/it\/training\/\"]}]},{\"@type\":\"BreadcrumbList\",\"@id\":\"https:\/\/www.isvps.org\/p\/it\/training\/#breadcrumb\",\"itemListElement\":[{\"@type\":\"ListItem\",\"position\":1,\"name\":\"Home\",\"item\":\"https:\/\/www.isvps.org\/p\/en\/\"},{\"@type\":\"ListItem\",\"position\":2,\"name\":\"Training\"}]},{\"@type\":\"WebSite\",\"@id\":\"https:\/\/www.isvps.org\/p\/en\/#website\",\"url\":\"https:\/\/www.isvps.org\/p\/en\/\",\"name\":\"ISVPS\",\"description\":\"International School of Veterinary Postgraduate Studies (ISVPS)\",\"publisher\":{\"@id\":\"https:\/\/www.isvps.org\/p\/en\/#organization\"},\"potentialAction\":[{\"@type\":\"SearchAction\",\"target\":{\"@type\":\"EntryPoint\",\"urlTemplate\":\"https:\/\/www.isvps.org\/p\/en\/?s={search_term_string}\"},\"query-input\":\"required name=search_term_string\"}],\"inLanguage\":\"en-GB\"},{\"@type\":\"Organization\",\"@id\":\"https:\/\/www.isvps.org\/p\/en\/#organization\",\"name\":\"International School of Veterinary Postgraduate Studies\",\"url\":\"https:\/\/www.isvps.org\/p\/en\/\",\"logo\":{\"@type\":\"ImageObject\",\"inLanguage\":\"en-GB\",\"@id\":\"https:\/\/www.isvps.org\/p\/en\/#\/schema\/logo\/image\/\",\"url\":\"https:\/\/www.isvps.org\/p\/wp-content\/uploads\/2018\/05\/ISVPS_logo.png\",\"contentUrl\":\"https:\/\/www.isvps.org\/p\/wp-content\/uploads\/2018\/05\/ISVPS_logo.png\",\"width\":1800,\"height\":480,\"caption\":\"International School of Veterinary Postgraduate Studies\"},\"image\":{\"@id\":\"https:\/\/www.isvps.org\/p\/en\/#\/schema\/logo\/image\/\"}}]}<\/script>\n<!-- \/ Yoast SEO plugin. -->","yoast_head_json":{"title":"Training - ISVPS","robots":{"index":"index","follow":"follow","max-snippet":"max-snippet:-1","max-image-preview":"max-image-preview:large","max-video-preview":"max-video-preview:-1"},"canonical":"https:\/\/www.isvps.org\/p\/en\/training\/","og_locale":"en_GB","og_type":"article","og_title":"Training - ISVPS","og_description":"[et_pb_section fb_built=&#8221;1&#8243; fullwidth=&#8221;on&#8221; _builder_version=&#8221;3.22&#8243;][et_pb_fullwidth_header title=&#8221;Formazione&#8221; module_class=&#8221;esvpsheader&#8221; _builder_version=&#8221;3.16&#8243; background_color=&#8221;rgba(255, 255, 255, 0)&#8221; background_image=&#8221;https:\/\/www.isvps.org\/p\/wp-content\/uploads\/2018\/05\/AdobeStock_18634956-2.jpg&#8221; parallax=&#8221;on&#8221; parallax_method=&#8221;on&#8221; background_layout=&#8221;light&#8221; button_one_text_size__hover_enabled=&#8221;off&#8221; button_one_text_size__hover=&#8221;null&#8221; button_two_text_size__hover_enabled=&#8221;off&#8221; button_two_text_size__hover=&#8221;null&#8221; button_one_text_color__hover_enabled=&#8221;off&#8221; button_one_text_color__hover=&#8221;null&#8221; button_two_text_color__hover_enabled=&#8221;off&#8221; button_two_text_color__hover=&#8221;null&#8221; button_one_border_width__hover_enabled=&#8221;off&#8221; button_one_border_width__hover=&#8221;null&#8221; button_two_border_width__hover_enabled=&#8221;off&#8221; button_two_border_width__hover=&#8221;null&#8221; button_one_border_color__hover_enabled=&#8221;off&#8221; button_one_border_color__hover=&#8221;null&#8221; button_two_border_color__hover_enabled=&#8221;off&#8221; button_two_border_color__hover=&#8221;null&#8221; button_one_border_radius__hover_enabled=&#8221;off&#8221; button_one_border_radius__hover=&#8221;null&#8221; button_two_border_radius__hover_enabled=&#8221;off&#8221; button_two_border_radius__hover=&#8221;null&#8221; button_one_letter_spacing__hover_enabled=&#8221;off&#8221; button_one_letter_spacing__hover=&#8221;null&#8221; button_two_letter_spacing__hover_enabled=&#8221;off&#8221; button_two_letter_spacing__hover=&#8221;null&#8221; button_one_bg_color__hover_enabled=&#8221;off&#8221; button_one_bg_color__hover=&#8221;null&#8221; button_two_bg_color__hover_enabled=&#8221;off&#8221; button_two_bg_color__hover=&#8221;null&#8221;][\/et_pb_fullwidth_header][\/et_pb_section][et_pb_section fb_built=&#8221;1&#8243; _builder_version=&#8221;4.0.9&#8243; disabled_on=&#8221;on|on|on&#8221; disabled=&#8221;on&#8221;][et_pb_row _builder_version=&#8221;4.0.9&#8243;][et_pb_column type=&#8221;4_4&#8243; _builder_version=&#8221;4.0.9&#8243;][et_pb_code _builder_version=&#8221;4.0.9&#8243;][\/et_pb_code][\/et_pb_column][\/et_pb_row][\/et_pb_section][et_pb_section fb_built=&#8221;1&#8243; disabled_on=&#8221;off|off|off&#8221; _builder_version=&#8221;4.0.9&#8243; hover_enabled=&#8221;0&#8243; [&hellip;]","og_url":"https:\/\/www.isvps.org\/p\/it\/training\/","og_site_name":"ISVPS","article_modified_time":"2025-06-18T17:05:57+00:00","twitter_card":"summary_large_image","twitter_misc":{"Estimated reading time":"1 minute"},"schema":{"@context":"https:\/\/schema.org","@graph":[{"@type":"WebPage","@id":"https:\/\/www.isvps.org\/p\/it\/training\/","url":"https:\/\/www.isvps.org\/p\/it\/training\/","name":"Training - ISVPS","isPartOf":{"@id":"https:\/\/www.isvps.org\/p\/en\/#website"},"datePublished":"2018-05-18T12:53:38+00:00","dateModified":"2025-06-18T17:05:57+00:00","breadcrumb":{"@id":"https:\/\/www.isvps.org\/p\/it\/training\/#breadcrumb"},"inLanguage":"en-GB","potentialAction":[{"@type":"ReadAction","target":["https:\/\/www.isvps.org\/p\/it\/training\/"]}]},{"@type":"BreadcrumbList","@id":"https:\/\/www.isvps.org\/p\/it\/training\/#breadcrumb","itemListElement":[{"@type":"ListItem","position":1,"name":"Home","item":"https:\/\/www.isvps.org\/p\/en\/"},{"@type":"ListItem","position":2,"name":"Training"}]},{"@type":"WebSite","@id":"https:\/\/www.isvps.org\/p\/en\/#website","url":"https:\/\/www.isvps.org\/p\/en\/","name":"ISVPS","description":"International School of Veterinary Postgraduate Studies (ISVPS)","publisher":{"@id":"https:\/\/www.isvps.org\/p\/en\/#organization"},"potentialAction":[{"@type":"SearchAction","target":{"@type":"EntryPoint","urlTemplate":"https:\/\/www.isvps.org\/p\/en\/?s={search_term_string}"},"query-input":"required name=search_term_string"}],"inLanguage":"en-GB"},{"@type":"Organization","@id":"https:\/\/www.isvps.org\/p\/en\/#organization","name":"International School of Veterinary Postgraduate Studies","url":"https:\/\/www.isvps.org\/p\/en\/","logo":{"@type":"ImageObject","inLanguage":"en-GB","@id":"https:\/\/www.isvps.org\/p\/en\/#\/schema\/logo\/image\/","url":"https:\/\/www.isvps.org\/p\/wp-content\/uploads\/2018\/05\/ISVPS_logo.png","contentUrl":"https:\/\/www.isvps.org\/p\/wp-content\/uploads\/2018\/05\/ISVPS_logo.png","width":1800,"height":480,"caption":"International School of Veterinary Postgraduate Studies"},"image":{"@id":"https:\/\/www.isvps.org\/p\/en\/#\/schema\/logo\/image\/"}}]}},"_links":{"self":[{"href":"https:\/\/www.isvps.org\/p\/wp-json\/wp\/v2\/pages\/2335"}],"collection":[{"href":"https:\/\/www.isvps.org\/p\/wp-json\/wp\/v2\/pages"}],"about":[{"href":"https:\/\/www.isvps.org\/p\/wp-json\/wp\/v2\/types\/page"}],"author":[{"embeddable":true,"href":"https:\/\/www.isvps.org\/p\/wp-json\/wp\/v2\/users\/1"}],"replies":[{"embeddable":true,"href":"https:\/\/www.isvps.org\/p\/wp-json\/wp\/v2\/comments?post=2335"}],"version-history":[{"count":7,"href":"https:\/\/www.isvps.org\/p\/wp-json\/wp\/v2\/pages\/2335\/revisions"}],"predecessor-version":[{"id":13793,"href":"https:\/\/www.isvps.org\/p\/wp-json\/wp\/v2\/pages\/2335\/revisions\/13793"}],"wp:attachment":[{"href":"https:\/\/www.isvps.org\/p\/wp-json\/wp\/v2\/media?parent=2335"}],"curies":[{"name":"wp","href":"https:\/\/api.w.org\/{rel}","templated":true}]}}