{"id":2616,"date":"2018-05-18T11:57:26","date_gmt":"2018-05-18T11:57:26","guid":{"rendered":"https:\/\/www.isvps.org\/p\/accreditation\/"},"modified":"2020-06-22T08:07:28","modified_gmt":"2020-06-22T08:07:28","slug":"accreditation","status":"publish","type":"page","link":"https:\/\/www.isvps.org\/p\/fr\/accreditation\/","title":{"rendered":"Accreditation"},"content":{"rendered":"<p>[et_pb_section fb_built=&#8221;1&#8243; fullwidth=&#8221;on&#8221; _builder_version=&#8221;3.22&#8243;][et_pb_fullwidth_header title=&#8221;Accr\u00e9ditation&#8221; module_class=&#8221;esvpsheader&#8221; _builder_version=&#8221;3.21.1&#8243; background_color=&#8221;rgba(255, 255, 255, 0)&#8221; background_image=&#8221;https:\/\/www.isvps.org\/p\/wp-content\/uploads\/2018\/05\/AdobeStock_65717039.jpg&#8221; parallax=&#8221;on&#8221; parallax_method=&#8221;on&#8221; background_layout=&#8221;light&#8221; max_width_tablet=&#8221;50px&#8221; z_index_tablet=&#8221;500&#8243; button_one_text_size__hover_enabled=&#8221;off&#8221; button_one_text_size__hover=&#8221;null&#8221; button_two_text_size__hover_enabled=&#8221;off&#8221; button_two_text_size__hover=&#8221;null&#8221; button_one_text_color__hover_enabled=&#8221;off&#8221; button_one_text_color__hover=&#8221;null&#8221; button_two_text_color__hover_enabled=&#8221;off&#8221; button_two_text_color__hover=&#8221;null&#8221; button_one_border_width__hover_enabled=&#8221;off&#8221; button_one_border_width__hover=&#8221;null&#8221; button_two_border_width__hover_enabled=&#8221;off&#8221; button_two_border_width__hover=&#8221;null&#8221; button_one_border_color__hover_enabled=&#8221;off&#8221; button_one_border_color__hover=&#8221;null&#8221; button_two_border_color__hover_enabled=&#8221;off&#8221; button_two_border_color__hover=&#8221;null&#8221; button_one_border_radius__hover_enabled=&#8221;off&#8221; button_one_border_radius__hover=&#8221;null&#8221; button_two_border_radius__hover_enabled=&#8221;off&#8221; button_two_border_radius__hover=&#8221;null&#8221; button_one_letter_spacing__hover_enabled=&#8221;off&#8221; button_one_letter_spacing__hover=&#8221;null&#8221; button_two_letter_spacing__hover_enabled=&#8221;off&#8221; button_two_letter_spacing__hover=&#8221;null&#8221; button_one_bg_color__hover_enabled=&#8221;off&#8221; button_one_bg_color__hover=&#8221;null&#8221; button_two_bg_color__hover_enabled=&#8221;off&#8221; button_two_bg_color__hover=&#8221;null&#8221;][\/et_pb_fullwidth_header][\/et_pb_section][et_pb_section fb_built=&#8221;1&#8243; _builder_version=&#8221;3.22&#8243;][et_pb_row use_custom_gutter=&#8221;on&#8221; gutter_width=&#8221;2&#8243; _builder_version=&#8221;3.25&#8243;][et_pb_column type=&#8221;4_4&#8243; _builder_version=&#8221;3.25&#8243; background_position=&#8221;top_left&#8221; custom_padding=&#8221;|||&#8221; custom_padding__hover=&#8221;|||&#8221;][et_pb_text _builder_version=&#8221;4.4.8&#8243; hover_enabled=&#8221;0&#8243; z_index_tablet=&#8221;500&#8243;]<\/p>\n<h1>ISVPS <strong>Accr\u00e9ditation<\/strong><\/h1>\n<p class=\"introtext\">L&#8217;ISVPS est une organisation qui accr\u00e9dite et\u00a0 approuve des programmes de formation continue pour v\u00e9t\u00e9rinaires en Europe. L&#8217;objectif de l&#8217;accr\u00e9ditation est celui de d\u00e9velopper un enseignement postuniversitaire v\u00e9t\u00e9rinaire:<\/p>\n<ul>\n<li>Transparent<\/li>\n<li>Avec une atmosph\u00e8re d&#8217;apprentissage positive<\/li>\n<li>Continuellement evalu\u00e9 et control\u00e9<\/li>\n<\/ul>\n<p>[\/et_pb_text][et_pb_image src=&#8221;https:\/\/www.isvps.org\/p\/wp-content\/uploads\/2018\/08\/Stetho_book.jpg&#8221; align_tablet=&#8221;center&#8221; align_last_edited=&#8221;on|desktop&#8221; _builder_version=&#8221;3.23&#8243;][\/et_pb_image][et_pb_text module_class=&#8221;em-text&#8221; _builder_version=&#8221;3.27.4&#8243; z_index_tablet=&#8221;500&#8243;]<\/p>\n<p>La transparence se traduit par une d\u00e9finition claire et precise du contenu de la formation, des objectifs et des m\u00e9thodes d&#8217;enseignement. Une atmosph\u00e8re d&#8217;apprentissage positive encourage et contribue \u00e0 la formation et au d\u00e9veloppement du participant pendant et apr\u00e8s les cours de formation. L&#8217;\u00e9valuation et le suivi du cours de formation incluent l&#8217;\u00e9valuation du participant, pendant et apr\u00e8s la r\u00e9alisation du cours. Cela permet l&#8217;\u00e9valuation et le d\u00e9veloppement continu du programme du cours\u00a0de formation.<\/p>\n<p>Les programmes de formation, qui ont \u00e9t\u00e9 officiellement accredit\u00e9s par l&#8217;ISVPS, peuvent \u00eatre d\u00e9sign\u00e9s en tant que tel, sur leurs supports de publicit\u00e9 et de promotion et sur d&#8217;autres documents \u00e9crits, \u00e0 travers l&#8217;utilisation des logos appropri\u00e9s et des styles fournis par l&#8217;ISVPS.<\/p>\n<p><strong>Accr\u00e9ditation de Portfolio Personnel<\/strong><\/p>\n<p>Les candidats peuvent demander une accr\u00e9ditation individuelle \u00e0 travers la soumission d&#8217;un \u00abportfolio d&#8217;apprentissage pr\u00e9alable\u00bb. Consultez les &#8216;Crit\u00e8res d&#8217;accr\u00e9ditation du portfolio personnel&#8217; pour plus d&#8217;informations.<\/p>\n<p>[\/et_pb_text][\/et_pb_column][\/et_pb_row][\/et_pb_section]<\/p>\n","protected":false},"excerpt":{"rendered":"<p>[et_pb_section fb_built=&#8221;1&#8243; fullwidth=&#8221;on&#8221; _builder_version=&#8221;3.22&#8243;][et_pb_fullwidth_header title=&#8221;Accr\u00e9ditation&#8221; module_class=&#8221;esvpsheader&#8221; _builder_version=&#8221;3.21.1&#8243; background_color=&#8221;rgba(255, 255, 255, 0)&#8221; background_image=&#8221;https:\/\/www.isvps.org\/p\/wp-content\/uploads\/2018\/05\/AdobeStock_65717039.jpg&#8221; parallax=&#8221;on&#8221; parallax_method=&#8221;on&#8221; background_layout=&#8221;light&#8221; max_width_tablet=&#8221;50px&#8221; z_index_tablet=&#8221;500&#8243; button_one_text_size__hover_enabled=&#8221;off&#8221; button_one_text_size__hover=&#8221;null&#8221; button_two_text_size__hover_enabled=&#8221;off&#8221; button_two_text_size__hover=&#8221;null&#8221; button_one_text_color__hover_enabled=&#8221;off&#8221; button_one_text_color__hover=&#8221;null&#8221; button_two_text_color__hover_enabled=&#8221;off&#8221; button_two_text_color__hover=&#8221;null&#8221; button_one_border_width__hover_enabled=&#8221;off&#8221; button_one_border_width__hover=&#8221;null&#8221; button_two_border_width__hover_enabled=&#8221;off&#8221; button_two_border_width__hover=&#8221;null&#8221; button_one_border_color__hover_enabled=&#8221;off&#8221; button_one_border_color__hover=&#8221;null&#8221; button_two_border_color__hover_enabled=&#8221;off&#8221; button_two_border_color__hover=&#8221;null&#8221; button_one_border_radius__hover_enabled=&#8221;off&#8221; button_one_border_radius__hover=&#8221;null&#8221; button_two_border_radius__hover_enabled=&#8221;off&#8221; button_two_border_radius__hover=&#8221;null&#8221; button_one_letter_spacing__hover_enabled=&#8221;off&#8221; button_one_letter_spacing__hover=&#8221;null&#8221; button_two_letter_spacing__hover_enabled=&#8221;off&#8221; button_two_letter_spacing__hover=&#8221;null&#8221; button_one_bg_color__hover_enabled=&#8221;off&#8221; button_one_bg_color__hover=&#8221;null&#8221; button_two_bg_color__hover_enabled=&#8221;off&#8221; button_two_bg_color__hover=&#8221;null&#8221;][\/et_pb_fullwidth_header][\/et_pb_section][et_pb_section fb_built=&#8221;1&#8243; _builder_version=&#8221;3.22&#8243;][et_pb_row use_custom_gutter=&#8221;on&#8221; gutter_width=&#8221;2&#8243; _builder_version=&#8221;3.25&#8243;][et_pb_column type=&#8221;4_4&#8243; _builder_version=&#8221;3.25&#8243; background_position=&#8221;top_left&#8221; custom_padding=&#8221;|||&#8221; custom_padding__hover=&#8221;|||&#8221;][et_pb_text [&hellip;]<\/p>\n","protected":false},"author":1,"featured_media":0,"parent":0,"menu_order":0,"comment_status":"closed","ping_status":"closed","template":"","meta":{"_et_pb_use_builder":"on","_et_pb_old_content":"","_et_gb_content_width":""},"yoast_head":"<!-- This site is optimized with the Yoast SEO plugin v21.2 - https:\/\/yoast.com\/wordpress\/plugins\/seo\/ -->\n<title>Accreditation - ISVPS<\/title>\n<meta name=\"robots\" content=\"index, follow, max-snippet:-1, max-image-preview:large, max-video-preview:-1\" \/>\n<link rel=\"canonical\" href=\"https:\/\/www.isvps.org\/p\/en\/accreditation\/\" \/>\n<meta property=\"og:locale\" content=\"en_GB\" \/>\n<meta property=\"og:type\" content=\"article\" \/>\n<meta property=\"og:title\" content=\"Accreditation - ISVPS\" \/>\n<meta property=\"og:description\" content=\"[et_pb_section fb_built=&#8221;1&#8243; fullwidth=&#8221;on&#8221; _builder_version=&#8221;3.22&#8243;][et_pb_fullwidth_header title=&#8221;Accr\u00e9ditation&#8221; module_class=&#8221;esvpsheader&#8221; _builder_version=&#8221;3.21.1&#8243; background_color=&#8221;rgba(255, 255, 255, 0)&#8221; background_image=&#8221;https:\/\/www.isvps.org\/p\/wp-content\/uploads\/2018\/05\/AdobeStock_65717039.jpg&#8221; parallax=&#8221;on&#8221; parallax_method=&#8221;on&#8221; background_layout=&#8221;light&#8221; max_width_tablet=&#8221;50px&#8221; z_index_tablet=&#8221;500&#8243; button_one_text_size__hover_enabled=&#8221;off&#8221; button_one_text_size__hover=&#8221;null&#8221; button_two_text_size__hover_enabled=&#8221;off&#8221; button_two_text_size__hover=&#8221;null&#8221; button_one_text_color__hover_enabled=&#8221;off&#8221; button_one_text_color__hover=&#8221;null&#8221; button_two_text_color__hover_enabled=&#8221;off&#8221; button_two_text_color__hover=&#8221;null&#8221; button_one_border_width__hover_enabled=&#8221;off&#8221; button_one_border_width__hover=&#8221;null&#8221; button_two_border_width__hover_enabled=&#8221;off&#8221; button_two_border_width__hover=&#8221;null&#8221; button_one_border_color__hover_enabled=&#8221;off&#8221; button_one_border_color__hover=&#8221;null&#8221; button_two_border_color__hover_enabled=&#8221;off&#8221; button_two_border_color__hover=&#8221;null&#8221; button_one_border_radius__hover_enabled=&#8221;off&#8221; button_one_border_radius__hover=&#8221;null&#8221; button_two_border_radius__hover_enabled=&#8221;off&#8221; button_two_border_radius__hover=&#8221;null&#8221; button_one_letter_spacing__hover_enabled=&#8221;off&#8221; button_one_letter_spacing__hover=&#8221;null&#8221; button_two_letter_spacing__hover_enabled=&#8221;off&#8221; button_two_letter_spacing__hover=&#8221;null&#8221; button_one_bg_color__hover_enabled=&#8221;off&#8221; button_one_bg_color__hover=&#8221;null&#8221; button_two_bg_color__hover_enabled=&#8221;off&#8221; button_two_bg_color__hover=&#8221;null&#8221;][\/et_pb_fullwidth_header][\/et_pb_section][et_pb_section fb_built=&#8221;1&#8243; _builder_version=&#8221;3.22&#8243;][et_pb_row use_custom_gutter=&#8221;on&#8221; gutter_width=&#8221;2&#8243; _builder_version=&#8221;3.25&#8243;][et_pb_column type=&#8221;4_4&#8243; _builder_version=&#8221;3.25&#8243; background_position=&#8221;top_left&#8221; custom_padding=&#8221;|||&#8221; custom_padding__hover=&#8221;|||&#8221;][et_pb_text [&hellip;]\" \/>\n<meta property=\"og:url\" content=\"https:\/\/www.isvps.org\/p\/fr\/accreditation\/\" \/>\n<meta property=\"og:site_name\" content=\"ISVPS\" \/>\n<meta property=\"article:modified_time\" content=\"2020-06-22T08:07:28+00:00\" \/>\n<meta name=\"twitter:card\" content=\"summary_large_image\" \/>\n<meta name=\"twitter:label1\" content=\"Estimated reading time\" \/>\n\t<meta name=\"twitter:data1\" content=\"3 minutes\" \/>\n<script type=\"application\/ld+json\" class=\"yoast-schema-graph\">{\"@context\":\"https:\/\/schema.org\",\"@graph\":[{\"@type\":\"WebPage\",\"@id\":\"https:\/\/www.isvps.org\/p\/fr\/accreditation\/\",\"url\":\"https:\/\/www.isvps.org\/p\/fr\/accreditation\/\",\"name\":\"Accreditation - ISVPS\",\"isPartOf\":{\"@id\":\"https:\/\/www.isvps.org\/p\/en\/#website\"},\"datePublished\":\"2018-05-18T11:57:26+00:00\",\"dateModified\":\"2020-06-22T08:07:28+00:00\",\"breadcrumb\":{\"@id\":\"https:\/\/www.isvps.org\/p\/fr\/accreditation\/#breadcrumb\"},\"inLanguage\":\"en-GB\",\"potentialAction\":[{\"@type\":\"ReadAction\",\"target\":[\"https:\/\/www.isvps.org\/p\/fr\/accreditation\/\"]}]},{\"@type\":\"BreadcrumbList\",\"@id\":\"https:\/\/www.isvps.org\/p\/fr\/accreditation\/#breadcrumb\",\"itemListElement\":[{\"@type\":\"ListItem\",\"position\":1,\"name\":\"Home\",\"item\":\"https:\/\/www.isvps.org\/p\/en\/\"},{\"@type\":\"ListItem\",\"position\":2,\"name\":\"Accreditation\"}]},{\"@type\":\"WebSite\",\"@id\":\"https:\/\/www.isvps.org\/p\/en\/#website\",\"url\":\"https:\/\/www.isvps.org\/p\/en\/\",\"name\":\"ISVPS\",\"description\":\"International School of Veterinary Postgraduate Studies (ISVPS)\",\"publisher\":{\"@id\":\"https:\/\/www.isvps.org\/p\/en\/#organization\"},\"potentialAction\":[{\"@type\":\"SearchAction\",\"target\":{\"@type\":\"EntryPoint\",\"urlTemplate\":\"https:\/\/www.isvps.org\/p\/en\/?s={search_term_string}\"},\"query-input\":\"required name=search_term_string\"}],\"inLanguage\":\"en-GB\"},{\"@type\":\"Organization\",\"@id\":\"https:\/\/www.isvps.org\/p\/en\/#organization\",\"name\":\"International School of Veterinary Postgraduate Studies\",\"url\":\"https:\/\/www.isvps.org\/p\/en\/\",\"logo\":{\"@type\":\"ImageObject\",\"inLanguage\":\"en-GB\",\"@id\":\"https:\/\/www.isvps.org\/p\/en\/#\/schema\/logo\/image\/\",\"url\":\"https:\/\/www.isvps.org\/p\/wp-content\/uploads\/2018\/05\/ISVPS_logo.png\",\"contentUrl\":\"https:\/\/www.isvps.org\/p\/wp-content\/uploads\/2018\/05\/ISVPS_logo.png\",\"width\":1800,\"height\":480,\"caption\":\"International School of Veterinary Postgraduate Studies\"},\"image\":{\"@id\":\"https:\/\/www.isvps.org\/p\/en\/#\/schema\/logo\/image\/\"}}]}<\/script>\n<!-- \/ Yoast SEO plugin. -->","yoast_head_json":{"title":"Accreditation - ISVPS","robots":{"index":"index","follow":"follow","max-snippet":"max-snippet:-1","max-image-preview":"max-image-preview:large","max-video-preview":"max-video-preview:-1"},"canonical":"https:\/\/www.isvps.org\/p\/en\/accreditation\/","og_locale":"en_GB","og_type":"article","og_title":"Accreditation - ISVPS","og_description":"[et_pb_section fb_built=&#8221;1&#8243; fullwidth=&#8221;on&#8221; _builder_version=&#8221;3.22&#8243;][et_pb_fullwidth_header title=&#8221;Accr\u00e9ditation&#8221; module_class=&#8221;esvpsheader&#8221; _builder_version=&#8221;3.21.1&#8243; background_color=&#8221;rgba(255, 255, 255, 0)&#8221; background_image=&#8221;https:\/\/www.isvps.org\/p\/wp-content\/uploads\/2018\/05\/AdobeStock_65717039.jpg&#8221; parallax=&#8221;on&#8221; parallax_method=&#8221;on&#8221; background_layout=&#8221;light&#8221; max_width_tablet=&#8221;50px&#8221; z_index_tablet=&#8221;500&#8243; button_one_text_size__hover_enabled=&#8221;off&#8221; button_one_text_size__hover=&#8221;null&#8221; button_two_text_size__hover_enabled=&#8221;off&#8221; button_two_text_size__hover=&#8221;null&#8221; button_one_text_color__hover_enabled=&#8221;off&#8221; button_one_text_color__hover=&#8221;null&#8221; button_two_text_color__hover_enabled=&#8221;off&#8221; button_two_text_color__hover=&#8221;null&#8221; button_one_border_width__hover_enabled=&#8221;off&#8221; button_one_border_width__hover=&#8221;null&#8221; button_two_border_width__hover_enabled=&#8221;off&#8221; button_two_border_width__hover=&#8221;null&#8221; button_one_border_color__hover_enabled=&#8221;off&#8221; button_one_border_color__hover=&#8221;null&#8221; button_two_border_color__hover_enabled=&#8221;off&#8221; button_two_border_color__hover=&#8221;null&#8221; button_one_border_radius__hover_enabled=&#8221;off&#8221; button_one_border_radius__hover=&#8221;null&#8221; button_two_border_radius__hover_enabled=&#8221;off&#8221; button_two_border_radius__hover=&#8221;null&#8221; button_one_letter_spacing__hover_enabled=&#8221;off&#8221; button_one_letter_spacing__hover=&#8221;null&#8221; button_two_letter_spacing__hover_enabled=&#8221;off&#8221; button_two_letter_spacing__hover=&#8221;null&#8221; button_one_bg_color__hover_enabled=&#8221;off&#8221; button_one_bg_color__hover=&#8221;null&#8221; button_two_bg_color__hover_enabled=&#8221;off&#8221; button_two_bg_color__hover=&#8221;null&#8221;][\/et_pb_fullwidth_header][\/et_pb_section][et_pb_section fb_built=&#8221;1&#8243; _builder_version=&#8221;3.22&#8243;][et_pb_row use_custom_gutter=&#8221;on&#8221; gutter_width=&#8221;2&#8243; _builder_version=&#8221;3.25&#8243;][et_pb_column type=&#8221;4_4&#8243; _builder_version=&#8221;3.25&#8243; background_position=&#8221;top_left&#8221; custom_padding=&#8221;|||&#8221; custom_padding__hover=&#8221;|||&#8221;][et_pb_text [&hellip;]","og_url":"https:\/\/www.isvps.org\/p\/fr\/accreditation\/","og_site_name":"ISVPS","article_modified_time":"2020-06-22T08:07:28+00:00","twitter_card":"summary_large_image","twitter_misc":{"Estimated reading time":"3 minutes"},"schema":{"@context":"https:\/\/schema.org","@graph":[{"@type":"WebPage","@id":"https:\/\/www.isvps.org\/p\/fr\/accreditation\/","url":"https:\/\/www.isvps.org\/p\/fr\/accreditation\/","name":"Accreditation - ISVPS","isPartOf":{"@id":"https:\/\/www.isvps.org\/p\/en\/#website"},"datePublished":"2018-05-18T11:57:26+00:00","dateModified":"2020-06-22T08:07:28+00:00","breadcrumb":{"@id":"https:\/\/www.isvps.org\/p\/fr\/accreditation\/#breadcrumb"},"inLanguage":"en-GB","potentialAction":[{"@type":"ReadAction","target":["https:\/\/www.isvps.org\/p\/fr\/accreditation\/"]}]},{"@type":"BreadcrumbList","@id":"https:\/\/www.isvps.org\/p\/fr\/accreditation\/#breadcrumb","itemListElement":[{"@type":"ListItem","position":1,"name":"Home","item":"https:\/\/www.isvps.org\/p\/en\/"},{"@type":"ListItem","position":2,"name":"Accreditation"}]},{"@type":"WebSite","@id":"https:\/\/www.isvps.org\/p\/en\/#website","url":"https:\/\/www.isvps.org\/p\/en\/","name":"ISVPS","description":"International School of Veterinary Postgraduate Studies (ISVPS)","publisher":{"@id":"https:\/\/www.isvps.org\/p\/en\/#organization"},"potentialAction":[{"@type":"SearchAction","target":{"@type":"EntryPoint","urlTemplate":"https:\/\/www.isvps.org\/p\/en\/?s={search_term_string}"},"query-input":"required name=search_term_string"}],"inLanguage":"en-GB"},{"@type":"Organization","@id":"https:\/\/www.isvps.org\/p\/en\/#organization","name":"International School of Veterinary Postgraduate Studies","url":"https:\/\/www.isvps.org\/p\/en\/","logo":{"@type":"ImageObject","inLanguage":"en-GB","@id":"https:\/\/www.isvps.org\/p\/en\/#\/schema\/logo\/image\/","url":"https:\/\/www.isvps.org\/p\/wp-content\/uploads\/2018\/05\/ISVPS_logo.png","contentUrl":"https:\/\/www.isvps.org\/p\/wp-content\/uploads\/2018\/05\/ISVPS_logo.png","width":1800,"height":480,"caption":"International School of Veterinary Postgraduate Studies"},"image":{"@id":"https:\/\/www.isvps.org\/p\/en\/#\/schema\/logo\/image\/"}}]}},"_links":{"self":[{"href":"https:\/\/www.isvps.org\/p\/wp-json\/wp\/v2\/pages\/2616"}],"collection":[{"href":"https:\/\/www.isvps.org\/p\/wp-json\/wp\/v2\/pages"}],"about":[{"href":"https:\/\/www.isvps.org\/p\/wp-json\/wp\/v2\/types\/page"}],"author":[{"embeddable":true,"href":"https:\/\/www.isvps.org\/p\/wp-json\/wp\/v2\/users\/1"}],"replies":[{"embeddable":true,"href":"https:\/\/www.isvps.org\/p\/wp-json\/wp\/v2\/comments?post=2616"}],"version-history":[{"count":2,"href":"https:\/\/www.isvps.org\/p\/wp-json\/wp\/v2\/pages\/2616\/revisions"}],"predecessor-version":[{"id":8094,"href":"https:\/\/www.isvps.org\/p\/wp-json\/wp\/v2\/pages\/2616\/revisions\/8094"}],"wp:attachment":[{"href":"https:\/\/www.isvps.org\/p\/wp-json\/wp\/v2\/media?parent=2616"}],"curies":[{"name":"wp","href":"https:\/\/api.w.org\/{rel}","templated":true}]}}